{"id":295,"date":"2025-10-14T10:14:08","date_gmt":"2025-10-14T14:14:08","guid":{"rendered":"https:\/\/www.nunamar.com\/fr\/?post_type=product&#038;p=295"},"modified":"2026-03-21T15:06:58","modified_gmt":"2026-03-21T19:06:58","slug":"brutus-le-boeuf-musque-2","status":"publish","type":"product","link":"https:\/\/www.nunamar.com\/fr\/produit\/brutus-le-boeuf-musque-2\/","title":{"rendered":"BRUTUS le b\u0153uf musqu\u00e9"},"content":{"rendered":"<p><strong>N.B.: pas de livraison aux \u00c9tats-Unis.<\/strong><\/p>\n","protected":false},"excerpt":{"rendered":"<p><strong>CARTE DE SOUHAITS<\/strong><\/p>\n<p>\u2022 Impression num\u00e9rique sur papier couverture HannoArt Silk 12pts.<br \/>\n\u2022 Format: 5 x 7 po \/ 12,75 x 17,5 cm.<br \/>\n\u2022 Int\u00e9rieur sans texte.<br \/>\n\u2022 Enveloppe blanche incluse.<\/p>\n","protected":false},"featured_media":1621,"comment_status":"open","ping_status":"closed","template":"","meta":[],"product_brand":[],"product_cat":[27],"product_tag":[],"class_list":{"0":"post-295","1":"product","2":"type-product","3":"status-publish","4":"has-post-thumbnail","6":"product_cat-cartes-collection-faune","7":"description-off","9":"first","10":"instock","11":"taxable","12":"shipping-taxable","13":"purchasable","14":"product-type-simple"},"_links":{"self":[{"href":"https:\/\/www.nunamar.com\/fr\/wp-json\/wp\/v2\/product\/295","targetHints":{"allow":["GET"]}}],"collection":[{"href":"https:\/\/www.nunamar.com\/fr\/wp-json\/wp\/v2\/product"}],"about":[{"href":"https:\/\/www.nunamar.com\/fr\/wp-json\/wp\/v2\/types\/product"}],"replies":[{"embeddable":true,"href":"https:\/\/www.nunamar.com\/fr\/wp-json\/wp\/v2\/comments?post=295"}],"wp:featuredmedia":[{"embeddable":true,"href":"https:\/\/www.nunamar.com\/fr\/wp-json\/wp\/v2\/media\/1621"}],"wp:attachment":[{"href":"https:\/\/www.nunamar.com\/fr\/wp-json\/wp\/v2\/media?parent=295"}],"wp:term":[{"taxonomy":"product_brand","embeddable":true,"href":"https:\/\/www.nunamar.com\/fr\/wp-json\/wp\/v2\/product_brand?post=295"},{"taxonomy":"product_cat","embeddable":true,"href":"https:\/\/www.nunamar.com\/fr\/wp-json\/wp\/v2\/product_cat?post=295"},{"taxonomy":"product_tag","embeddable":true,"href":"https:\/\/www.nunamar.com\/fr\/wp-json\/wp\/v2\/product_tag?post=295"}],"curies":[{"name":"wp","href":"https:\/\/api.w.org\/{rel}","templated":true}]}}