{"id":146,"date":"2025-10-04T08:08:51","date_gmt":"2025-10-04T12:08:51","guid":{"rendered":"https:\/\/www.nunamar.com\/fr\/?post_type=product&#038;p=146"},"modified":"2026-03-29T13:19:50","modified_gmt":"2026-03-29T17:19:50","slug":"lili-la-loutre","status":"publish","type":"product","link":"https:\/\/www.nunamar.com\/fr\/produit\/lili-la-loutre\/","title":{"rendered":"LILI la loutre"},"content":{"rendered":"<p><strong>N.B.: pas de livraison aux \u00c9tats-Unis.<\/strong><\/p>\n","protected":false},"excerpt":{"rendered":"<p><strong>AFFICHE<\/strong><\/p>\n<ul>\n<li>Impression num\u00e9rique effectu\u00e9e par un imprimeur montr\u00e9alais qualifi\u00e9.<\/li>\n<li>Papier Mohawk 7 points sans acide.<\/li>\n<li>Chaque affiche arbore le monogramme de Nunamar.<\/li>\n<li><strong>Un seul format:<\/strong> 12.5po x 18 po \u2022 30,5 cm x 45,75<\/li>\n<li><strong><b class=\"\">Chaque affiche est vendue sans cadre<\/b>.\u00a0<\/strong><\/li>\n<\/ul>\n<p>&nbsp;<\/p>\n","protected":false},"featured_media":1727,"comment_status":"open","ping_status":"closed","template":"","meta":[],"product_brand":[],"product_cat":[17],"product_tag":[],"class_list":{"0":"post-146","1":"product","2":"type-product","3":"status-publish","4":"has-post-thumbnail","6":"product_cat-affiches","7":"description-off","9":"first","10":"instock","11":"taxable","12":"shipping-taxable","13":"purchasable","14":"product-type-simple"},"_links":{"self":[{"href":"https:\/\/www.nunamar.com\/fr\/wp-json\/wp\/v2\/product\/146","targetHints":{"allow":["GET"]}}],"collection":[{"href":"https:\/\/www.nunamar.com\/fr\/wp-json\/wp\/v2\/product"}],"about":[{"href":"https:\/\/www.nunamar.com\/fr\/wp-json\/wp\/v2\/types\/product"}],"replies":[{"embeddable":true,"href":"https:\/\/www.nunamar.com\/fr\/wp-json\/wp\/v2\/comments?post=146"}],"wp:featuredmedia":[{"embeddable":true,"href":"https:\/\/www.nunamar.com\/fr\/wp-json\/wp\/v2\/media\/1727"}],"wp:attachment":[{"href":"https:\/\/www.nunamar.com\/fr\/wp-json\/wp\/v2\/media?parent=146"}],"wp:term":[{"taxonomy":"product_brand","embeddable":true,"href":"https:\/\/www.nunamar.com\/fr\/wp-json\/wp\/v2\/product_brand?post=146"},{"taxonomy":"product_cat","embeddable":true,"href":"https:\/\/www.nunamar.com\/fr\/wp-json\/wp\/v2\/product_cat?post=146"},{"taxonomy":"product_tag","embeddable":true,"href":"https:\/\/www.nunamar.com\/fr\/wp-json\/wp\/v2\/product_tag?post=146"}],"curies":[{"name":"wp","href":"https:\/\/api.w.org\/{rel}","templated":true}]}}