{"id":1926,"date":"2026-02-04T09:38:08","date_gmt":"2026-02-04T14:38:08","guid":{"rendered":"https:\/\/www.nunamar.com\/fr\/?page_id=1926"},"modified":"2026-03-21T09:41:47","modified_gmt":"2026-03-21T13:41:47","slug":"points-de-vente","status":"publish","type":"page","link":"https:\/\/www.nunamar.com\/fr\/points-de-vente\/","title":{"rendered":"Points de vente"},"content":{"rendered":"<div class=\"wpb-content-wrapper\"><p>[vc_row][vc_column][vc_column_text css=\u00a0\u00bb.vc_custom_1774100505974{border-bottom-width: 1px !important;padding-top: 20px !important;border-bottom-style: solid !important;border-color: #8E8B95 !important;}\u00a0\u00bb]<\/p>\n<h3 style=\"text-align: center;\"><span style=\"color: #5c6572;\">POINTS DE VENTE<\/span><\/h3>\n<h3 style=\"text-align: center;\"><\/h3>\n<p>[\/vc_column_text][\/vc_column][\/vc_row][vc_row][vc_column width=\u00a0\u00bb1\/2&Prime;][vc_column_text css=\u00a0\u00bb\u00a0\u00bb]<\/p>\n<div class=\"wpb_text_column wpb_content_element \">\n<div class=\"wpb_wrapper\">\n<p style=\"text-align: left;\">Veuillez noter que nous ne pouvons pas suivre<br \/>\nce que nos d\u00e9taillants ont en stock.<br \/>\nIl est pr\u00e9f\u00e9rable de contacter directement le magasin<br \/>\npour s&rsquo;assurer qu&rsquo;il a le produit que vous recherchez.<\/p>\n<p>&nbsp;<\/p>\n<h4><\/h4>\n<\/div>\n<\/div>\n<p>[\/vc_column_text][vc_toggle title=\u00a0\u00bbAlberta\u00a0\u00bb custom_font_container=\u00a0\u00bbtag:h4|font_size:24|text_align:left|color:%238E8B95&Prime; custom_google_fonts=\u00a0\u00bbfont_family:Roboto%3Aregular%2Citalic|font_style:400%20regular%20normal%3A400%3Anormal\u00a0\u00bb css=\u00a0\u00bb\u00a0\u00bb use_custom_heading=\u00a0\u00bbtrue\u00a0\u00bb]Royal Alberta Museum (<a href=\"https:\/\/www.google.com\/search?client=safari&amp;rls=en&amp;q=Royal+alberta+Museum&amp;ie=UTF-8&amp;oe=UTF-8\">Royal alberta Museum<\/a>)[\/vc_toggle][vc_toggle title=\u00a0\u00bbProvince de Qu\u00e9bec\u00a0\u00bb custom_font_container=\u00a0\u00bbtag:h4|font_size:24|text_align:left|color:%238E8B95&Prime; custom_google_fonts=\u00a0\u00bbfont_family:Roboto%3Aregular%2Citalic|font_style:400%20regular%20normal%3A400%3Anormal\u00a0\u00bb css=\u00a0\u00bb\u00a0\u00bb use_custom_heading=\u00a0\u00bbtrue\u00a0\u00bb]<strong>BONAVENTURE<br \/>\n<\/strong>Bioparc de la Gasp\u00e9sie <a href=\"http:\/\/bioparc.ca\">(bioparc.ca)<\/a><\/p>\n<p><strong>GATINEAU<br \/>\n<\/strong>Bouquinart (<a href=\"http:\/\/www.bouquinart.leslibraires.ca\">www.bouquinart.leslibraires.ca<\/a>)<br \/>\nMus\u00e9e canadien de l\u2019histoire (<a href=\"http:\/\/www.museedelhistoire.ca\" target=\"_blank\" rel=\"noopener\">www.mus\u00e9edelhistoire.ca<\/a>)<br \/>\nLibrairie du Soleil (<a href=\"http:\/\/www.dusoleil.leslibraires.ca\">www.dusoleil.leslibraires.ca<\/a>)<\/p>\n<p><strong>LONGUEUIL<br \/>\n<\/strong>Charlot fleurs et cadeauT<br \/>\nCoop \u00c9douard Montpetit (<a href=\"http:\/\/www.coopmontpetit.com\" target=\"_blank\" rel=\"noopener\">www.coopmontpetit.com<\/a>)<br \/>\nLibrairie Alire (<a href=\"http:\/\/www.librairie-alire.com\" target=\"_blank\" rel=\"noopener\">www.librairie-alire.com<\/a>)<\/p>\n<p><strong>MAGOG<\/strong><br \/>\nBoutique du Marais (<a href=\"http:\/\/www.maraisauxcerises.com\">www.maraisauxcerises.com<\/a>)<\/p>\n<p><strong>MONT BLANC<br \/>\n<\/strong>Gourmet Sauvage (<a href=\"http:\/\/gourmetsauvage.ca\">gourmetsauvage.ca<\/a>)<\/p>\n<p><strong>MONTREAL<br \/>\n<\/strong><span lang=\"FR-CA\">Accent du monde (<a href=\"http:\/\/accentdumonde.com\">accentdumonde.com<\/a>)<br \/>\nArloca <a href=\"http:\/\/arloca.com\">(arloca.com)<\/a><br \/>\n<\/span>Affiche en t\u00eate (<a href=\"http:\/\/www.afficheentete.ca\" target=\"_blank\" rel=\"noopener\">www.afficheentete.ca<\/a>)<br \/>\nBoutique du Mus\u00e9e de la Pointe \u00e0 Calli\u00e8re (<a href=\"http:\/\/www.pacmusee.qc.ca\" target=\"_blank\" rel=\"noopener\">www.pacmusee.qc.ca<\/a>)<br \/>\nBoutiques Espace pour la vie (<a href=\"http:\/\/www.espacepourlavie.ca\/boutiques\" target=\"_blank\" rel=\"noopener\">www.espacepourlavie.ca\/boutiques<\/a>)<br \/>\nCentre de la montagne <a href=\"http:\/\/lemontroyal.qc.ca\">(lemontroyal.qc.ca)<\/a><br \/>\nCh\u00e2teau Ramezay (<a href=\"http:\/\/www.chateauramezay.qc.ca\">www.chateauramezay.qc.ca<\/a>)<br \/>\nChez Farlelu (<a href=\"http:\/\/www.chezfarfelu.com\" target=\"_blank\" rel=\"noopener\">www.chezfarfelu.com<\/a><br \/>\nLe Valet d&rsquo;C\u0153ur (<a href=\"http:\/\/www.levalet.com\">www.levalet.com<\/a>)<br \/>\nLibrairie Fleury (<a href=\"http:\/\/www.librairiefleury.com\">www.librairiefleury.com<\/a>)<br \/>\nLibrairie de Verdun (<a href=\"http:\/\/www.lalibrairiedeverdun.com\" target=\"_blank\" rel=\"noopener\">www.lalibrairiedeverdun.com<\/a>)<br \/>\nLibrairie Gourmande (<a href=\"http:\/\/librairiegourmande.ca\" target=\"_blank\" rel=\"noopener\">www.librairiegourmande.ca<\/a>)<br \/>\nLibrairie Monet (<a href=\"http:\/\/www.librairiemonet.com\">www.librairiemonet.com<\/a>)<br \/>\nLibrairies M\u00e9diaspaul \u00a0(<a href=\"http:\/\/mediaspaul.leslibraires.ca\">mediaspaul.leslibraires.ca<\/a>)<br \/>\nLibrairie Zone Libre (<a href=\"http:\/\/www.zonelibre.ca\" target=\"_blank\" rel=\"noopener\">www.zonelibre.ca<\/a>)<br \/>\nZoo \u00c9comuseum <a href=\"http:\/\/zooecomuseum.ca\">(zooecomuseum.ca)<\/a><\/p>\n<p><strong>QU\u00c9BEC<\/strong><br \/>\nAquarium du Qu\u00e9bec SEPAQ\u00a0<a href=\"http:\/\/sepaq.com\">(sepaq.com)<\/a><br \/>\nMus\u00e9e de la civilisation (<a href=\"http:\/\/www.mcq.org\">www.mcq.org<\/a>)<br \/>\nMus\u00e9e des Beaux-Arts du Qu\u00e9bec <a href=\"http:\/\/mnbaq.org\">(mnbaq.org)<\/a><br \/>\nFleuriste du Faubourg (<a href=\"http:\/\/www.fleuristedufaubourg.com\/contact.html\" target=\"_blank\" rel=\"noopener\">www.fleuristedufaubourg.com<\/a>)<br \/>\nJacques le papetier (<a href=\"http:\/\/jacqueslepapetier.com\">jacqueslepapetier.com<\/a>)<br \/>\nLe Bazart (<a href=\"https:\/\/www.lebaz-art.ca\">www.lebaz-art.ca\/<\/a>)<a href=\"https:\/\/www.nunamar.com\/Boutique\/points-de-vente\/www.hiboucoup.com\" target=\"_blank\" rel=\"noopener\"><br \/>\n<\/a>Librairie Lalibert\u00e9 (<a href=\"http:\/\/www.librairielaliberte.com\">www.librairielaliberte.com<\/a>)<br \/>\nLibrairie Pantoute (<a href=\"http:\/\/www.librairiepantoute.com\">www.librairiepantoute.com<\/a>)<br \/>\nUn Coin du Monde (<a href=\"http:\/\/www.facebook.com\/uncoindumonde\" target=\"_blank\" rel=\"noopener\">www.facebook.com\/uncoindumonde<\/a>)<\/p>\n<p><strong>RIMOUSKI<\/strong><br \/>\nLibrairie Boutique V\u00e9nus (<a href=\"http:\/\/www.librairieboutiquevenus.com\/\">www.librairieboutiquevenus.com<\/a>)<br \/>\nCOOP UQAR (<a href=\"http:\/\/facebook.com\/CoopscoRimouski\">facebook.com\/CoopscoRimouski<\/a>)<\/p>\n<p><strong>ROSEMERE<br \/>\n<\/strong>Librairie Carcajou (<a href=\"http:\/\/www.carcajou.leslibraires.ca\">www.carcajou.leslibraires.ca<\/a>)<\/p>\n<p><strong>SAINT-JEAN-SUR-RICHELIEU<br \/>\n<\/strong>Librairie Moderne <a href=\"http:\/\/librairiemoderne.com\">(librairiemoderne.com)<\/a><\/p>\n<p><strong>ST-LAMBERT<br \/>\n<\/strong>Librairie Le Fureteur (<a href=\"http:\/\/www.librairielefureteur.ca\" target=\"_blank\" rel=\"noopener\">www.librairielefureteur.ca<\/a>)<\/p>\n<p><strong>ST-SAUVEUR<br \/>\n<\/strong>Le March\u00e9 Vert (<a href=\"http:\/\/lemarchevert.ca\" target=\"_blank\" rel=\"noopener\">www.lemarchevert.ca<\/a>)<\/p>\n<p><strong>STE-ANNE-DES-MONTS<br \/>\n<\/strong>G\u00eete du Mont-Albert (<a href=\"http:\/\/www.sepaq.com\" target=\"_blank\" rel=\"noopener\">www.sepaq.com<\/a>)<\/p>\n<p><strong>STE-ANNE-DE-BELLEVUE<\/strong><a href=\"http:\/\/www.gdaoust.com\/\"><br \/>\n<\/a>Zoo \u00c9coMuseum (<a href=\"http:\/\/www.zooecomuseum.ca\" target=\"_blank\" rel=\"noopener\">www.zooecomuseum.ca<\/a>)<\/p>\n<p><strong>TROIS-RIVI\u00c8RES<\/strong><strong><br \/>\n<\/strong>Librairie Mariale (<a href=\"http:\/\/www.sanctuaire-ndc.ca\/fr\/services\/magasin-des-souvenirs-librairie-mariale.html\" target=\"_blank\" rel=\"noopener\">www.sanctuaire-ndc.ca)<br \/>\n<\/a>Librairie Poirier (<a href=\"http:\/\/www.librairiepoirier.ca\" target=\"_blank\" rel=\"noopener\">www.librairiepoirier.ca<\/a> )[\/vc_toggle][vc_toggle title=\u00a0\u00bbOntario\u00a0\u00bb custom_font_container=\u00a0\u00bbtag:h4|font_size:24|text_align:left|color:%238E8B95&Prime; custom_google_fonts=\u00a0\u00bbfont_family:Roboto%3Aregular%2Citalic|font_style:400%20regular%20normal%3A400%3Anormal\u00a0\u00bb css=\u00a0\u00bb\u00a0\u00bb use_custom_heading=\u00a0\u00bbtrue\u00a0\u00bb]<strong>OTTAWA<br \/>\n<\/strong>Books on Beechwood (<a href=\"http:\/\/www.booksonbeechwood.ca\">www.booksonbeechwood.ca<\/a>)<br \/>\nFramed! (<a href=\"http:\/\/www.framed.ca\" target=\"_blank\" rel=\"noopener\">www.framed.ca<\/a>)<br \/>\nPaper.Papier (<a href=\"http:\/\/www.paperpapier.com\">www.paperpapier.com<\/a>)<br \/>\nSigning Pebbles Books (<a href=\"http:\/\/www.singingpebblebooks.ca\">www.singingpebblebooks.ca<\/a>)<br \/>\nThe Papery (<a href=\"http:\/\/www.papery.ca\">www.papery.ca<\/a>)<br \/>\nVillage Quire (<a href=\"http:\/\/www.villagequire.ca\">www.villagequire.ca<\/a>)<br \/>\nWorld of Maps (<a href=\"http:\/\/www.worldofmaps.com\" target=\"_blank\" rel=\"noopener\">www.worldofmaps.com<\/a>)<\/p>\n<p><strong>PICTON<br \/>\n<\/strong>Books &amp; Company (<a href=\"https:\/\/www.nunamar.com\/Boutique\/points-de-vente\/www.pictonbookstore.com\" target=\"_blank\" rel=\"noopener\">www.pictonbookstore.com<\/a>)<\/p>\n<p><strong>THUNDER BAY<br \/>\n<\/strong>Thunder Bay Art Museum (<a href=\"http:\/\/htheag.ca\">htheag.ca<\/a>)<\/p>\n<p><strong>TORONTO<\/strong><br \/>\nPaperboy (<a href=\"https:\/\/www.facebook.com\/pages\/Paperboy-Cards-Gifts\/157434240938846\" target=\"_blank\" rel=\"noopener\">https:\/\/www.facebook.com\/pages\/Paperboy-Cards-Gifts\/157434240938846<\/a>)[\/vc_toggle][vc_toggle title=\u00a0\u00bbNouveau-Brunswick\u00a0\u00bb custom_font_container=\u00a0\u00bbtag:h4|font_size:24|text_align:left|color:%238E8B95&Prime; custom_google_fonts=\u00a0\u00bbfont_family:Roboto%3Aregular%2Citalic|font_style:400%20regular%20normal%3A400%3Anormal\u00a0\u00bb css=\u00a0\u00bb\u00a0\u00bb use_custom_heading=\u00a0\u00bbtrue\u00a0\u00bb]<strong>FREDERICTON<\/strong><br \/>\nJoy of Framing (<a href=\"http:\/\/www.joyofframing.ca\" target=\"_blank\" rel=\"noopener\">www.joyofframing.ca<\/a>)<\/p>\n<p><strong>SACKVILLE<br \/>\n<\/strong>Tidewater Books (<a href=\"http:\/\/tidewaterbooks.ca\" target=\"_blank\" rel=\"noopener\">www.tidewaterbooks.ca<\/a>)<strong><br \/>\n<\/strong>[\/vc_toggle][vc_toggle title=\u00a0\u00bbManitoba\u00a0\u00bb custom_font_container=\u00a0\u00bbtag:h4|font_size:24|text_align:left|color:%238E8B95&Prime; custom_google_fonts=\u00a0\u00bbfont_family:Roboto%3Aregular%2Citalic|font_style:400%20regular%20normal%3A400%3Anormal\u00a0\u00bb css=\u00a0\u00bb\u00a0\u00bb use_custom_heading=\u00a0\u00bbtrue\u00a0\u00bb]<strong>WINNIPEG<\/strong><br \/>\nLibrairie \u00e0 la page (<a href=\"http:\/\/www.alapage.libraires.ca\">www.alapage.libraires.ca<\/a>)[\/vc_toggle][\/vc_column][vc_column width=\u00a0\u00bb1\/2&Prime;][vc_single_image image=\u00a0\u00bb2274&Prime; img_size=\u00a0\u00bbfull\u00a0\u00bb][\/vc_column][\/vc_row]<\/p>\n<\/div>","protected":false},"excerpt":{"rendered":"<p>[vc_row][vc_column][vc_column_text css=\u00a0\u00bb.vc_custom_1774100505974{border-bottom-width: 1px !important;padding-top: 20px !important;border-bottom-style: solid !important;border-color: #8E8B95 !important;}\u00a0\u00bb] POINTS DE VENTE [\/vc_column_text][\/vc_column][\/vc_row][vc_row][vc_column width=\u00a0\u00bb1\/2&Prime;][vc_column_text css=\u00a0\u00bb\u00a0\u00bb] Veuillez noter que nous ne pouvons pas suivre ce que nos d\u00e9taillants ont en stock. Il est pr\u00e9f\u00e9rable de contacter directement le magasin pour s&rsquo;assurer qu&rsquo;il a le produit que vous recherchez. &nbsp; [\/vc_column_text][vc_toggle title=\u00a0\u00bbAlberta\u00a0\u00bb custom_font_container=\u00a0\u00bbtag:h4|font_size:24|text_align:left|color:%238E8B95&Prime; custom_google_fonts=\u00a0\u00bbfont_family:Roboto%3Aregular%2Citalic|font_style:400%20regular%20normal%3A400%3Anormal\u00a0\u00bb css=\u00a0\u00bb\u00a0\u00bb use_custom_heading=\u00a0\u00bbtrue\u00a0\u00bb]Royal&hellip;<\/p>\n","protected":false},"author":1,"featured_media":0,"parent":0,"menu_order":0,"comment_status":"closed","ping_status":"closed","template":"","meta":{"footnotes":""},"class_list":["post-1926","page","type-page","status-publish","hentry","description-off"],"_links":{"self":[{"href":"https:\/\/www.nunamar.com\/fr\/wp-json\/wp\/v2\/pages\/1926","targetHints":{"allow":["GET"]}}],"collection":[{"href":"https:\/\/www.nunamar.com\/fr\/wp-json\/wp\/v2\/pages"}],"about":[{"href":"https:\/\/www.nunamar.com\/fr\/wp-json\/wp\/v2\/types\/page"}],"author":[{"embeddable":true,"href":"https:\/\/www.nunamar.com\/fr\/wp-json\/wp\/v2\/users\/1"}],"replies":[{"embeddable":true,"href":"https:\/\/www.nunamar.com\/fr\/wp-json\/wp\/v2\/comments?post=1926"}],"version-history":[{"count":21,"href":"https:\/\/www.nunamar.com\/fr\/wp-json\/wp\/v2\/pages\/1926\/revisions"}],"predecessor-version":[{"id":2308,"href":"https:\/\/www.nunamar.com\/fr\/wp-json\/wp\/v2\/pages\/1926\/revisions\/2308"}],"wp:attachment":[{"href":"https:\/\/www.nunamar.com\/fr\/wp-json\/wp\/v2\/media?parent=1926"}],"curies":[{"name":"wp","href":"https:\/\/api.w.org\/{rel}","templated":true}]}}