{"id":1918,"date":"2026-02-04T09:26:57","date_gmt":"2026-02-04T14:26:57","guid":{"rendered":"https:\/\/www.nunamar.com\/fr\/?page_id=1918"},"modified":"2026-03-09T08:35:51","modified_gmt":"2026-03-09T12:35:51","slug":"faq","status":"publish","type":"page","link":"https:\/\/www.nunamar.com\/fr\/faq\/","title":{"rendered":"FAQ"},"content":{"rendered":"<div class=\"wpb-content-wrapper\"><p>[vc_row][vc_column][vc_column_text css=\u00a0\u00bb.vc_custom_1773057995460{border-bottom-width: 1px !important;padding-top: 20px !important;border-bottom-style: solid !important;border-color: #8E8B95 !important;}\u00a0\u00bb]<\/p>\n<h3 style=\"text-align: center;\"><span style=\"color: #5c6572;\">FOIRE AUX QUESTIONS<\/span><\/h3>\n<h3 style=\"text-align: center;\"><\/h3>\n<p>[\/vc_column_text][\/vc_column][\/vc_row][vc_row][vc_column width=\u00a0\u00bb1\/2&Prime;][vc_empty_space][vc_toggle title=\u00a0\u00bbD\u00e9lais de livraison\u00a0\u00bb custom_font_container=\u00a0\u00bbtag:h4|font_size:24|text_align:left|color:%238E8B95&Prime; custom_google_fonts=\u00a0\u00bbfont_family:Roboto%3Aregular%2Citalic|font_style:400%20regular%20normal%3A400%3Anormal\u00a0\u00bb css=\u00a0\u00bb\u00a0\u00bb use_custom_heading=\u00a0\u00bbtrue\u00a0\u00bb]Nous exp\u00e9dions nos colis en 2 \u00e0 5 jours ouvrables, mais nous n\u2019avons pas de contr\u00f4le sur les d\u00e9lais de livraison, notamment en ce qui concerne le d\u00e9douanement. Tous les colis \u00e0 destination du Canada et des \u00c9tats-Unis sont exp\u00e9di\u00e9s par Postes Canada et UPS. Une fois que votre commande sera trait\u00e9e, vous recevrez un courriel de confirmation comprenant votre num\u00e9ro de rep\u00e9rage de Postes Canada ou UPS (envois canadiens et am\u00e9ricains). Nous emballons nos produits avec le plus grand soin. Nous ne pouvons toutefois \u00eatre tenus responsables de tout dommage occasionn\u00e9 pendant le transport assur\u00e9 par Postes Canada. En cas de dommages, veuillez t\u00e9l\u00e9phoner au bureau de poste le plus pr\u00e8s de chez vous et indiquer votre num\u00e9ro de rep\u00e9rage pour conna\u00eetre la marche \u00e0 suivre. Veuillez noter que le courrier international peut \u00eatre retenu \u00e0 la douane jusqu\u2019\u00e0 4 semaines. En vertu des lois et r\u00e8gles de votre pays, il est possible que vous deviez payer des frais de douane ou des taxes suppl\u00e9mentaires lorsque vous recevez votre colis. Le suivi du colis par num\u00e9ro de rep\u00e9rage n\u2019est actuellement pas offert par Postes Canada pour les envois internationaux.[\/vc_toggle][vc_toggle title=\u00a0\u00bbM\u00e9thodes de paiement\u00a0\u00bb custom_font_container=\u00a0\u00bbtag:h4|font_size:24|text_align:left|color:%238E8B95&Prime; custom_google_fonts=\u00a0\u00bbfont_family:Roboto%3Aregular%2Citalic|font_style:400%20regular%20normal%3A400%3Anormal\u00a0\u00bb css=\u00a0\u00bb\u00a0\u00bb use_custom_heading=\u00a0\u00bbtrue\u00a0\u00bb]Nous acceptons les paiements par PayPal, en devises canadiennes. Les achats effectu\u00e9s en ligne seront imm\u00e9diatement port\u00e9s \u00e0 votre compte de carte de cr\u00e9dit.[\/vc_toggle][vc_toggle title=\u00a0\u00bbPolitique de retour\u00a0\u00bb custom_font_container=\u00a0\u00bbtag:h4|font_size:24|text_align:left|color:%238E8B95&Prime; custom_google_fonts=\u00a0\u00bbfont_family:Roboto%3Aregular%2Citalic|font_style:400%20regular%20normal%3A400%3Anormal\u00a0\u00bb css=\u00a0\u00bb\u00a0\u00bb use_custom_heading=\u00a0\u00bbtrue\u00a0\u00bb]Votre satisfaction nous tient \u00e0 c\u0153ur.<\/p>\n<p>Les affiches Nunamar sont garanties de la plus grande qualit\u00e9. Dans la rare \u00e9ventualit\u00e9 o\u00f9 un d\u00e9faut d\u2019impression \u00e9tait pass\u00e9 inaper\u00e7u avant l\u2019emballage, nous vous remplacerons l\u2019article gratuitement.<\/p>\n<p>Les r\u00e9clamations bas\u00e9es exclusivement sur une inad\u00e9quation de couleur ne seront pas accept\u00e9es. Bien que les photographies des affiches qui paraissent dans notre site Web soient de bonne qualit\u00e9, chaque moniteur ou \u00e9cran d\u2019ordinateur reproduit les couleurs d\u2019une mani\u00e8re diff\u00e9rente.[\/vc_toggle][vc_toggle title=\u00a0\u00bbPr\u00e9cautions\u00a0\u00bb custom_font_container=\u00a0\u00bbtag:h4|font_size:24|text_align:left|color:%238E8B95&Prime; custom_google_fonts=\u00a0\u00bbfont_family:Roboto%3Aregular%2Citalic|font_style:400%20regular%20normal%3A400%3Anormal\u00a0\u00bb css=\u00a0\u00bb\u00a0\u00bb use_custom_heading=\u00a0\u00bbtrue\u00a0\u00bb]D\u00e9ballez votre colis avec la plus grande pr\u00e9caution. Les objets pointus et coupants, comme des ciseaux, pourraient facilement abimer votre affiche.[\/vc_toggle][vc_toggle title=\u00a0\u00bbUtilisation de l&rsquo;image et droits d&rsquo;auteur\u00a0\u00bb custom_font_container=\u00a0\u00bbtag:h4|font_size:24|text_align:left|color:%238E8B95&Prime; custom_google_fonts=\u00a0\u00bbfont_family:Roboto%3Aregular%2Citalic|font_style:400%20regular%20normal%3A400%3Anormal\u00a0\u00bb css=\u00a0\u00bb\u00a0\u00bb use_custom_heading=\u00a0\u00bbtrue\u00a0\u00bb]Les affiches Nunamar sont destin\u00e9es \u00e0 un usage personnel exclusivement. Aucun droit de reproduction n\u2019est consenti par l\u2019achat d\u2019une affiche sans le consentement \u00e9crit de Nunamar.<\/p>\n<p>Toutes les images se trouvant sur ce site sont la propri\u00e9t\u00e9 de Nunamar et sont prot\u00e9g\u00e9es par les lois de la propri\u00e9t\u00e9 intellectuelle.<\/p>\n<p>Les droits d\u2019auteur de ce site appartiennent \u00e0 Nunamar. Toutes reproductions non autoris\u00e9es sont passibles de poursuites judiciaires.[\/vc_toggle][\/vc_column][vc_column width=\u00a0\u00bb1\/2&Prime;][vc_single_image image=\u00a0\u00bb1996&Prime; img_size=\u00a0\u00bbfull\u00a0\u00bb css=\u00a0\u00bb\u00a0\u00bb][\/vc_column][\/vc_row]<\/p>\n<\/div>","protected":false},"excerpt":{"rendered":"<p>[vc_row][vc_column][vc_column_text css=\u00a0\u00bb.vc_custom_1773057995460{border-bottom-width: 1px !important;padding-top: 20px !important;border-bottom-style: solid !important;border-color: #8E8B95 !important;}\u00a0\u00bb] FOIRE AUX QUESTIONS [\/vc_column_text][\/vc_column][\/vc_row][vc_row][vc_column width=\u00a0\u00bb1\/2&Prime;][vc_empty_space][vc_toggle title=\u00a0\u00bbD\u00e9lais de livraison\u00a0\u00bb custom_font_container=\u00a0\u00bbtag:h4|font_size:24|text_align:left|color:%238E8B95&Prime; custom_google_fonts=\u00a0\u00bbfont_family:Roboto%3Aregular%2Citalic|font_style:400%20regular%20normal%3A400%3Anormal\u00a0\u00bb css=\u00a0\u00bb\u00a0\u00bb use_custom_heading=\u00a0\u00bbtrue\u00a0\u00bb]Nous exp\u00e9dions nos colis en 2 \u00e0 5 jours ouvrables, mais nous n\u2019avons pas de contr\u00f4le sur les d\u00e9lais de livraison, notamment en ce qui concerne le d\u00e9douanement. Tous les colis \u00e0 destination du&hellip;<\/p>\n","protected":false},"author":1,"featured_media":0,"parent":0,"menu_order":0,"comment_status":"closed","ping_status":"closed","template":"","meta":{"footnotes":""},"class_list":["post-1918","page","type-page","status-publish","hentry","description-off"],"_links":{"self":[{"href":"https:\/\/www.nunamar.com\/fr\/wp-json\/wp\/v2\/pages\/1918","targetHints":{"allow":["GET"]}}],"collection":[{"href":"https:\/\/www.nunamar.com\/fr\/wp-json\/wp\/v2\/pages"}],"about":[{"href":"https:\/\/www.nunamar.com\/fr\/wp-json\/wp\/v2\/types\/page"}],"author":[{"embeddable":true,"href":"https:\/\/www.nunamar.com\/fr\/wp-json\/wp\/v2\/users\/1"}],"replies":[{"embeddable":true,"href":"https:\/\/www.nunamar.com\/fr\/wp-json\/wp\/v2\/comments?post=1918"}],"version-history":[{"count":12,"href":"https:\/\/www.nunamar.com\/fr\/wp-json\/wp\/v2\/pages\/1918\/revisions"}],"predecessor-version":[{"id":2282,"href":"https:\/\/www.nunamar.com\/fr\/wp-json\/wp\/v2\/pages\/1918\/revisions\/2282"}],"wp:attachment":[{"href":"https:\/\/www.nunamar.com\/fr\/wp-json\/wp\/v2\/media?parent=1918"}],"curies":[{"name":"wp","href":"https:\/\/api.w.org\/{rel}","templated":true}]}}