{"id":1872,"date":"2026-02-02T07:38:30","date_gmt":"2026-02-02T12:38:30","guid":{"rendered":"https:\/\/www.nunamar.com\/fr\/?page_id=1872"},"modified":"2026-02-12T08:50:10","modified_gmt":"2026-02-12T13:50:10","slug":"objets","status":"publish","type":"page","link":"https:\/\/www.nunamar.com\/fr\/objets\/","title":{"rendered":"Objets"},"content":{"rendered":"<div class=\"wpb-content-wrapper\"><p>[vc_row][vc_column][vc_column_text css=\u00a0\u00bb.vc_custom_1770904209292{border-bottom-width: 1px !important;padding-top: 20px !important;background-color: #FFFFFF !important;border-bottom-style: solid !important;border-color: #8E8B95 !important;}\u00a0\u00bb]<\/p>\n<h3 style=\"text-align: center;\"><span style=\"color: #5c6572;\">OBJETS<\/span><\/h3>\n<h3 style=\"text-align: center;\"><\/h3>\n<p>[\/vc_column_text]<!-- The Grid Plugin Version 2.8.1 --><!-- The Grid Wrapper Start --><div class=\"tg-grid-wrapper tg-txt\" id=\"grid-1871\" data-version=\"2.8.1\"><!-- The Grid Fonts --><link href=\"\/\/fonts.googleapis.com\/css?family=Roboto%3A300%26subset%3Dcyrillic\" rel=\"stylesheet\" property=\"stylesheet\" type=\"text\/css\" media=\"all\"><!-- The Grid Styles --><style class=\"tg-grid-styles\" type=\"text\/css\">#grid-1871 .tg-nav-color:not(.dots):not(.tg-dropdown-value):not(.tg-dropdown-title):hover,#grid-1871 .tg-nav-color:hover .tg-nav-color,#grid-1871 .tg-page-number.tg-page-current,#grid-1871 .tg-filter.tg-filter-active span{color:#ff6863}#grid-1871 .tg-filter:before,#grid-1871 .tg-filter.tg-filter-active:before{color:#999999}#grid-1871 .tg-dropdown-holder,#grid-1871 .tg-search-inner,#grid-1871 .tg-sorter-order{border:1px solid #DDDDDD}#grid-1871 .tg-search-clear,#grid-1871 .tg-search-clear:hover{border:none;border-left:1px solid #DDDDDD}.tg-txt .tg-nav-font,.tg-txt input[type=text].tg-search{font-size:14px;font-weight:600}.tg-txt .tg-search::-webkit-input-placeholder{font-size:14px}.tg-txt .tg-search::-moz-placeholder{font-size:14px}.tg-txt .tg-search:-ms-input-placeholder{font-size:14px}.tg-txt .tg-icon-left-arrow:before{content:\"\\e604\";font-size:32px;font-weight:100}.tg-txt .tg-icon-right-arrow:before{content:\"\\e602\";font-size:32px;font-weight:100}.tg-txt .tg-icon-dropdown-open:before,.tg-txt .tg-icon-sorter-down:before{content:\"\\e60a\"}.tg-txt .tg-icon-sorter-up:before{content:\"\\e609\"}.tg-txt .tg-search-clear:before{content:\"\\e611\";font-weight:300}.tg-txt .tg-search-icon:before{content:\"\\e62e\";font-size:16px;font-weight:600}#grid-1871 .tg-nav-color,#grid-1871 .tg-search-icon:hover:before,#grid-1871 .tg-search-icon:hover input,#grid-1871 .tg-disabled:hover .tg-icon-left-arrow,#grid-1871 .tg-disabled:hover .tg-icon-right-arrow,#grid-1871 .tg-dropdown-title.tg-nav-color:hover{color:#999999}#grid-1871 input.tg-search:hover{color:#999999 !important}#grid-1871 input.tg-search::-webkit-input-placeholder{color:#999999}#grid-1871 input.tg-search::-moz-placeholder{color:#999999;opacity:1}#grid-1871 input.tg-search:-ms-input-placeholder{color:#999999}.grid-1871 .tg-dropdown-item{color:#777777;background:#ffffff}.grid-1871 .tg-filter-active,.grid-1871 .tg-dropdown-item:hover{color:#444444;background:#f5f6fa}#grid-1871 .tg-slider-bullets li.tg-active-item span{background:#59585b}#grid-1871 .tg-slider-bullets li span{background:#DDDDDD}.tg-image-titre a:not([class*=\"tg-element-\"]),.tg-image-titre a:not([class*=\"tg-element-\"]):active,.tg-image-titre a:not([class*=\"tg-element-\"]):focus,.tg-image-titre [class*=\"tg-element-\"] *:not(del){margin:0;padding:0;color:inherit !important;text-align:inherit;font-size:inherit;font-style:inherit;line-height:inherit;font-weight:inherit;text-transform:inherit;text-decoration:inherit;-webkit-box-shadow:none;box-shadow:none;border:none}.tg-image-titre [class*=\"tg-element-\"],.tg-image-titre .tg-item-overlay,.tg-image-titre .tg-center-holder,.tg-image-titre .tg-center-inner > *{vertical-align:middle}.tg-image-titre .tg-item-content-holder[data-position=\"bottom\"]{position:relative;min-height:1px;display:block}.tg-image-titre .tg-element-1{position:relative;font-size:18px;line-height:21px;color:#5c6572;font-weight:300;font-family:Roboto;text-align:center;display:block;margin:0;padding:8px 0}.tg-item .tg-dark div,.tg-item .tg-dark h1,.tg-item .tg-dark h1 a,.tg-item .tg-dark h2,.tg-item .tg-dark h2 a,.tg-item .tg-dark h3,.tg-item .tg-dark h3 a,.tg-item .tg-dark h4,.tg-item .tg-dark h4 a,.tg-item .tg-dark h5,.tg-item .tg-dark h5 a,.tg-item .tg-dark h6,.tg-item .tg-dark h6 a,.tg-item .tg-dark a,.tg-item .tg-dark a.tg-link-url,.tg-item .tg-dark i,.tg-item .tg-dark .tg-media-button,.tg-item .tg-dark .tg-item-price span{color:#444444;fill:#444444;stroke:#444444;border-color:#444444}.tg-item .tg-dark p,.tg-item .tg-dark ol,.tg-item .tg-dark ul,.tg-item .tg-dark li{color:#777777;fill:#777777;stroke:#777777;border-color:#777777}.tg-item .tg-dark span,.tg-item .tg-dark .no-liked .to-heart-icon path,.tg-item .tg-dark .empty-heart .to-heart-icon path,.tg-item .tg-dark .tg-item-comment i,.tg-item .tg-dark .tg-item-price del span{color:#999999;fill:#999999;stroke:#999999;border-color:#999999}.tg-item .tg-light div,.tg-item .tg-light h1,.tg-item .tg-light h1 a,.tg-item .tg-light h2,.tg-item .tg-light h2 a,.tg-item .tg-light h3,.tg-item .tg-light h3 a,.tg-item .tg-light h4,.tg-item .tg-light h4 a,.tg-item .tg-light h5,.tg-item .tg-light h5 a,.tg-item .tg-light h6,.tg-item .tg-light h6 a,.tg-item .tg-light a,.tg-item .tg-light a.tg-link-url,.tg-item .tg-light i,.tg-item .tg-light .tg-media-button,.tg-item .tg-light .tg-item-price span{color:#ffffff;fill:#ffffff;stroke:#ffffff;border-color:#ffffff}.tg-item .tg-light p,.tg-item .tg-light ol,.tg-item .tg-light ul,.tg-item .tg-light li{color:#f5f5f5;fill:#f5f5f5;stroke:#f5f5f5;border-color:#f5f5f5}.tg-item .tg-light span,.tg-item .tg-light .no-liked .to-heart-icon path,.tg-item .tg-light .empty-heart .to-heart-icon path,.tg-item .tg-light .tg-item-comment i,.tg-item .tg-light .tg-item-price del span{color:#f6f6f6;fill:#f6f6f6;stroke:#f6f6f6;border-color:#f6f6f6}#grid-1871 .tg-item-content-holder{background-color:#ffffff}#grid-1871 .tg-item-overlay{background-color:rgba(22,22,22,0.65)}<\/style><!-- The Grid Item Sizer --><div class=\"tg-grid-sizer\"><\/div><!-- The Grid Gutter Sizer --><div class=\"tg-gutter-sizer\"><\/div><!-- The Grid Items Holder --><div class=\"tg-grid-holder tg-layout-masonry\"  data-name=\"Objets\"  data-style=\"masonry\" data-row=\"1\" data-layout=\"vertical\" data-rtl=\"\" data-fitrows=\"\" data-filtercomb=\"\" data-filterlogic=\"AND\" data-filterload =\"\" data-sortbyload =\"\" data-orderload =\"false\" data-fullwidth=\"\" data-fullheight=\"null\" data-gutters=\"[[320,5],[480,5],[768,10],[980,10],[1200,15],[9999,15]]\" data-slider='{\"itemNav\":\"null\",\"swingSpeed\":0.1,\"cycleBy\":\"null\",\"cycle\":5000,\"startAt\":1}' data-ratio=\"1.00\" data-cols=\"[[320,1],[480,1],[768,2],[980,2],[1200,3],[9999,3]]\" data-rows=\"[[320,200],[480,200],[768,220],[980,220],[1200,240],[9999,240]]\" data-animation='{&quot;name&quot;:&quot;Fade in&quot;,&quot;visible&quot;:&quot;&quot;,&quot;hidden&quot;:&quot;&quot;}' data-transition=\"700ms\" data-ajaxmethod=\"\" data-ajaxdelay=\"100\" data-preloader=\"\" data-itemdelay=\"100\" data-gallery=\"\" data-ajax=\"\"><!-- The Grid item #1 --><article class=\"tg-item tg-post-442 tg-image-titre f19 f20\" data-row=\"1\" data-col=\"1\"><div class=\"tg-item-inner\"><div class=\"tg-item-media-holder tg-light\"><div class=\"tg-item-media-inner\"><img decoding=\"async\" class=\"tg-item-image\" alt=\"\" width=\"1200\" height=\"1200\" src=\"https:\/\/www.nunamar.com\/fr\/wp-content\/uploads\/2025\/10\/LouiseMartelNunamar-signets.jpg\"><div class=\"tg-item-image tg-alternative-product-image\" style=\"background-image: url(https:\/\/www.nunamar.com\/fr\/wp-content\/uploads\/2025\/10\/LouiseMartel-Nunamar-Signet-seul.jpg)\"><\/div><\/div><div class=\"tg-item-media-content \"><a class=\"tg-element-absolute\" target=\"_self\" href=\"https:\/\/www.nunamar.com\/fr\/produit\/signets-aimantes\/\"><\/a><\/div><\/div><div class=\"tg-item-content-holder tg-dark image-format\" data-position=\"bottom\"><a class=\"tg-element-absolute\" target=\"_self\" href=\"https:\/\/www.nunamar.com\/fr\/produit\/signets-aimantes\/\"><\/a><h2 class=\"tg-item-title tg-element-1\"><a target=\"_self\" href=\"https:\/\/www.nunamar.com\/fr\/produit\/signets-aimantes\/\">Signets aimant\u00e9s<\/a><\/h2><div class=\"tg-item-clear\"><\/div><\/div><\/div><\/article><!-- The Grid item #2 --><article class=\"tg-item tg-post-423 tg-image-titre f22 f19\" data-row=\"1\" data-col=\"1\"><div class=\"tg-item-inner\"><div class=\"tg-item-media-holder tg-light\"><div class=\"tg-item-media-inner\"><img decoding=\"async\" class=\"tg-item-image\" alt=\"\" width=\"1200\" height=\"1200\" src=\"https:\/\/www.nunamar.com\/fr\/wp-content\/uploads\/2025\/10\/LouiseMartel-Nunamar-HR-1.jpg\"><div class=\"tg-item-image tg-alternative-product-image\" style=\"background-image: url(https:\/\/www.nunamar.com\/fr\/wp-content\/uploads\/2025\/10\/LouiseMartel-Nunamar-Coeur-aimant-note-1.jpg)\"><\/div><\/div><div class=\"tg-item-media-content \"><a class=\"tg-element-absolute\" target=\"_self\" href=\"https:\/\/www.nunamar.com\/fr\/produit\/casse-tete-aimante\/\"><\/a><\/div><\/div><div class=\"tg-item-content-holder tg-dark image-format\" data-position=\"bottom\"><a class=\"tg-element-absolute\" target=\"_self\" href=\"https:\/\/www.nunamar.com\/fr\/produit\/casse-tete-aimante\/\"><\/a><h2 class=\"tg-item-title tg-element-1\"><a target=\"_self\" href=\"https:\/\/www.nunamar.com\/fr\/produit\/casse-tete-aimante\/\">Casse-t\u00eate aimant\u00e9 &#8211; C\u0152UR<\/a><\/h2><div class=\"tg-item-clear\"><\/div><\/div><\/div><\/article><!-- The Grid item #3 --><article class=\"tg-item tg-post-422 tg-image-titre f21 f19\" data-row=\"1\" data-col=\"1\"><div class=\"tg-item-inner\"><div class=\"tg-item-media-holder tg-light\"><div class=\"tg-item-media-inner\"><img decoding=\"async\" class=\"tg-item-image\" alt=\"\" width=\"1200\" height=\"1200\" src=\"https:\/\/www.nunamar.com\/fr\/wp-content\/uploads\/2025\/10\/LouiseMartel-Nunamar-Aimants-Manchot-Penguin.jpg\"><div class=\"tg-item-image tg-alternative-product-image\" style=\"background-image: url(https:\/\/www.nunamar.com\/fr\/wp-content\/uploads\/2025\/10\/LouiseMartel-Nunamar-Penguin-Manchot-ag-1.jpg)\"><\/div><\/div><div class=\"tg-item-media-content \"><a class=\"tg-element-absolute\" target=\"_self\" href=\"https:\/\/www.nunamar.com\/fr\/produit\/aimant-pipo-le-manchot\/\"><\/a><\/div><\/div><div class=\"tg-item-content-holder tg-dark image-format\" data-position=\"bottom\"><a class=\"tg-element-absolute\" target=\"_self\" href=\"https:\/\/www.nunamar.com\/fr\/produit\/aimant-pipo-le-manchot\/\"><\/a><h2 class=\"tg-item-title tg-element-1\"><a target=\"_self\" href=\"https:\/\/www.nunamar.com\/fr\/produit\/aimant-pipo-le-manchot\/\">Aimant &#8211; PIPO le manchot<\/a><\/h2><div class=\"tg-item-clear\"><\/div><\/div><\/div><\/article><!-- The Grid item #4 --><article class=\"tg-item tg-post-421 tg-image-titre f21 f19\" data-row=\"1\" data-col=\"1\"><div class=\"tg-item-inner\"><div class=\"tg-item-media-holder tg-light\"><div class=\"tg-item-media-inner\"><img decoding=\"async\" class=\"tg-item-image\" alt=\"\" width=\"1200\" height=\"1200\" src=\"https:\/\/www.nunamar.com\/fr\/wp-content\/uploads\/2025\/10\/LouiseMartel-Nunamar-Aimants-Grenouille-Frog.jpg\"><div class=\"tg-item-image tg-alternative-product-image\" style=\"background-image: url(https:\/\/www.nunamar.com\/fr\/wp-content\/uploads\/2025\/10\/LouiseMartel-Nunamar-Frog-Grenouille-ag-01-1.jpg)\"><\/div><\/div><div class=\"tg-item-media-content \"><a class=\"tg-element-absolute\" target=\"_self\" href=\"https:\/\/www.nunamar.com\/fr\/produit\/aimant-flo-la-grenouille\/\"><\/a><\/div><\/div><div class=\"tg-item-content-holder tg-dark image-format\" data-position=\"bottom\"><a class=\"tg-element-absolute\" target=\"_self\" href=\"https:\/\/www.nunamar.com\/fr\/produit\/aimant-flo-la-grenouille\/\"><\/a><h2 class=\"tg-item-title tg-element-1\"><a target=\"_self\" href=\"https:\/\/www.nunamar.com\/fr\/produit\/aimant-flo-la-grenouille\/\">Aimant &#8211; FLO la grenouille<\/a><\/h2><div class=\"tg-item-clear\"><\/div><\/div><\/div><\/article><!-- The Grid item #5 --><article class=\"tg-item tg-post-420 tg-image-titre f21 f19\" data-row=\"1\" data-col=\"1\"><div class=\"tg-item-inner\"><div class=\"tg-item-media-holder tg-light\"><div class=\"tg-item-media-inner\"><img decoding=\"async\" class=\"tg-item-image\" alt=\"\" width=\"1200\" height=\"1200\" src=\"https:\/\/www.nunamar.com\/fr\/wp-content\/uploads\/2025\/10\/LouiseMartel-Nunamar-Aimants-Ratons-Racoons.jpg\"><div class=\"tg-item-image tg-alternative-product-image\" style=\"background-image: url(https:\/\/www.nunamar.com\/fr\/wp-content\/uploads\/2025\/10\/LouiseMartel-Nunamar-Racoon-Raton-ag-01-1.jpg)\"><\/div><\/div><div class=\"tg-item-media-content \"><a class=\"tg-element-absolute\" target=\"_self\" href=\"https:\/\/www.nunamar.com\/fr\/produit\/aimant-rita-le-raton\/\"><\/a><\/div><\/div><div class=\"tg-item-content-holder tg-dark image-format\" data-position=\"bottom\"><a class=\"tg-element-absolute\" target=\"_self\" href=\"https:\/\/www.nunamar.com\/fr\/produit\/aimant-rita-le-raton\/\"><\/a><h2 class=\"tg-item-title tg-element-1\"><a target=\"_self\" href=\"https:\/\/www.nunamar.com\/fr\/produit\/aimant-rita-le-raton\/\">Aimant &#8211; RITA le raton<\/a><\/h2><div class=\"tg-item-clear\"><\/div><\/div><\/div><\/article><!-- The Grid item #6 --><article class=\"tg-item tg-post-419 tg-image-titre f21 f19\" data-row=\"1\" data-col=\"1\"><div class=\"tg-item-inner\"><div class=\"tg-item-media-holder tg-light\"><div class=\"tg-item-media-inner\"><img decoding=\"async\" class=\"tg-item-image\" alt=\"\" width=\"1200\" height=\"1200\" src=\"https:\/\/www.nunamar.com\/fr\/wp-content\/uploads\/2025\/10\/LouiseMartel-Nunamar-Aimants-Loutre-Otter.jpg\"><div class=\"tg-item-image tg-alternative-product-image\" style=\"background-image: url(https:\/\/www.nunamar.com\/fr\/wp-content\/uploads\/2025\/10\/LouiseMartel-Nunamar-Loutre-Otter-ag-1.jpg)\"><\/div><\/div><div class=\"tg-item-media-content \"><a class=\"tg-element-absolute\" target=\"_self\" href=\"https:\/\/www.nunamar.com\/fr\/produit\/aimant-lili-la-loutre\/\"><\/a><\/div><\/div><div class=\"tg-item-content-holder tg-dark image-format\" data-position=\"bottom\"><a class=\"tg-element-absolute\" target=\"_self\" href=\"https:\/\/www.nunamar.com\/fr\/produit\/aimant-lili-la-loutre\/\"><\/a><h2 class=\"tg-item-title tg-element-1\"><a target=\"_self\" href=\"https:\/\/www.nunamar.com\/fr\/produit\/aimant-lili-la-loutre\/\">Aimant &#8211; LILI la loutre<\/a><\/h2><div class=\"tg-item-clear\"><\/div><\/div><\/div><\/article><!-- The Grid item #7 --><article class=\"tg-item tg-post-418 tg-image-titre f21 f19\" data-row=\"1\" data-col=\"1\"><div class=\"tg-item-inner\"><div class=\"tg-item-media-holder tg-light\"><div class=\"tg-item-media-inner\"><img decoding=\"async\" class=\"tg-item-image\" alt=\"\" width=\"1200\" height=\"1200\" src=\"https:\/\/www.nunamar.com\/fr\/wp-content\/uploads\/2025\/10\/LouiseMartel-Nunamar-Aimants-Chevreuil-deer.jpg\"><div class=\"tg-item-image tg-alternative-product-image\" style=\"background-image: url(https:\/\/www.nunamar.com\/fr\/wp-content\/uploads\/2025\/10\/LouiseMartel-Nunamar-Chevreuil-deer-ag-1.jpg)\"><\/div><\/div><div class=\"tg-item-media-content \"><a class=\"tg-element-absolute\" target=\"_self\" href=\"https:\/\/www.nunamar.com\/fr\/produit\/aimant-charlie-le-chevreuil\/\"><\/a><\/div><\/div><div class=\"tg-item-content-holder tg-dark image-format\" data-position=\"bottom\"><a class=\"tg-element-absolute\" target=\"_self\" href=\"https:\/\/www.nunamar.com\/fr\/produit\/aimant-charlie-le-chevreuil\/\"><\/a><h2 class=\"tg-item-title tg-element-1\"><a target=\"_self\" href=\"https:\/\/www.nunamar.com\/fr\/produit\/aimant-charlie-le-chevreuil\/\">Aimant &#8211; CHARLIE le chevreuil<\/a><\/h2><div class=\"tg-item-clear\"><\/div><\/div><\/div><\/article><!-- The Grid item #8 --><article class=\"tg-item tg-post-411 tg-image-titre f21 f19\" data-row=\"1\" data-col=\"1\"><div class=\"tg-item-inner\"><div class=\"tg-item-media-holder tg-light\"><div class=\"tg-item-media-inner\"><img decoding=\"async\" class=\"tg-item-image\" alt=\"\" width=\"1200\" height=\"1200\" src=\"https:\/\/www.nunamar.com\/fr\/wp-content\/uploads\/2025\/10\/LouiseMartel-Nunamar-Aimants-Aimants-Harfang-Owl.jpg\"><div class=\"tg-item-image tg-alternative-product-image\" style=\"background-image: url(https:\/\/www.nunamar.com\/fr\/wp-content\/uploads\/2025\/10\/LouiseMartel-Nunamar-Harfang-Owl.ag_-1.jpg)\"><\/div><\/div><div class=\"tg-item-media-content \"><a class=\"tg-element-absolute\" target=\"_self\" href=\"https:\/\/www.nunamar.com\/fr\/produit\/aimant-hugo-le-harfang\/\"><\/a><\/div><\/div><div class=\"tg-item-content-holder tg-dark image-format\" data-position=\"bottom\"><a class=\"tg-element-absolute\" target=\"_self\" href=\"https:\/\/www.nunamar.com\/fr\/produit\/aimant-hugo-le-harfang\/\"><\/a><h2 class=\"tg-item-title tg-element-1\"><a target=\"_self\" href=\"https:\/\/www.nunamar.com\/fr\/produit\/aimant-hugo-le-harfang\/\">Aimant &#8211; HUGO le harfang<\/a><\/h2><div class=\"tg-item-clear\"><\/div><\/div><\/div><\/article><!-- The Grid item #9 --><article class=\"tg-item tg-post-409 tg-image-titre f21 f19\" data-row=\"1\" data-col=\"1\"><div class=\"tg-item-inner\"><div class=\"tg-item-media-holder tg-light\"><div class=\"tg-item-media-inner\"><img decoding=\"async\" class=\"tg-item-image\" alt=\"\" width=\"510\" height=\"510\" src=\"https:\/\/www.nunamar.com\/fr\/wp-content\/uploads\/2025\/10\/Aimant-Renard-Nunamar.jpg\"><div class=\"tg-item-image tg-alternative-product-image\" style=\"background-image: url(https:\/\/www.nunamar.com\/fr\/wp-content\/uploads\/2025\/10\/LouiseMartel-Nunamar-Renard-Fox.ag_-1.jpg)\"><\/div><\/div><div class=\"tg-item-media-content \"><a class=\"tg-element-absolute\" target=\"_self\" href=\"https:\/\/www.nunamar.com\/fr\/produit\/aimant-reno-le-renard\/\"><\/a><\/div><\/div><div class=\"tg-item-content-holder tg-dark image-format\" data-position=\"bottom\"><a class=\"tg-element-absolute\" target=\"_self\" href=\"https:\/\/www.nunamar.com\/fr\/produit\/aimant-reno-le-renard\/\"><\/a><h2 class=\"tg-item-title tg-element-1\"><a target=\"_self\" href=\"https:\/\/www.nunamar.com\/fr\/produit\/aimant-reno-le-renard\/\">Aimant &#8211; RENO le renard<\/a><\/h2><div class=\"tg-item-clear\"><\/div><\/div><\/div><\/article><\/div><\/div><!-- The Grid Wrapper End -->[\/vc_column][\/vc_row]<\/p>\n<\/div>","protected":false},"excerpt":{"rendered":"<p>[vc_row][vc_column][vc_column_text css=\u00a0\u00bb.vc_custom_1770904209292{border-bottom-width: 1px !important;padding-top: 20px !important;background-color: #FFFFFF !important;border-bottom-style: solid !important;border-color: #8E8B95 !important;}\u00a0\u00bb] OBJETS [\/vc_column_text][\/vc_column][\/vc_row]<\/p>\n","protected":false},"author":1,"featured_media":0,"parent":0,"menu_order":0,"comment_status":"closed","ping_status":"closed","template":"","meta":{"footnotes":""},"class_list":["post-1872","page","type-page","status-publish","hentry","description-off"],"_links":{"self":[{"href":"https:\/\/www.nunamar.com\/fr\/wp-json\/wp\/v2\/pages\/1872","targetHints":{"allow":["GET"]}}],"collection":[{"href":"https:\/\/www.nunamar.com\/fr\/wp-json\/wp\/v2\/pages"}],"about":[{"href":"https:\/\/www.nunamar.com\/fr\/wp-json\/wp\/v2\/types\/page"}],"author":[{"embeddable":true,"href":"https:\/\/www.nunamar.com\/fr\/wp-json\/wp\/v2\/users\/1"}],"replies":[{"embeddable":true,"href":"https:\/\/www.nunamar.com\/fr\/wp-json\/wp\/v2\/comments?post=1872"}],"version-history":[{"count":6,"href":"https:\/\/www.nunamar.com\/fr\/wp-json\/wp\/v2\/pages\/1872\/revisions"}],"predecessor-version":[{"id":2066,"href":"https:\/\/www.nunamar.com\/fr\/wp-json\/wp\/v2\/pages\/1872\/revisions\/2066"}],"wp:attachment":[{"href":"https:\/\/www.nunamar.com\/fr\/wp-json\/wp\/v2\/media?parent=1872"}],"curies":[{"name":"wp","href":"https:\/\/api.w.org\/{rel}","templated":true}]}}